{"id":2,"date":"2026-03-15T17:18:09","date_gmt":"2026-03-15T17:18:09","guid":{"rendered":"https:\/\/tighefornevada.com\/?page_id=2"},"modified":"2026-04-20T13:44:40","modified_gmt":"2026-04-20T13:44:40","slug":"about","status":"publish","type":"page","link":"https:\/\/tighefornevada.com\/es\/about\/","title":{"rendered":"Acerca de Tighe"},"content":{"rendered":"<div data-elementor-type=\"wp-page\" data-elementor-id=\"2\" class=\"elementor elementor-2\">\n\t\t\t\t<div class=\"elementor-element elementor-element-23b9117 e-flex e-con-boxed e-con e-parent\" data-id=\"23b9117\" data-element_type=\"container\" data-e-type=\"container\">\n\t\t\t\t\t<div class=\"e-con-inner\">\n\t\t\t\t<div class=\"elementor-element elementor-element-089243f elementor-widget elementor-widget-html\" data-id=\"089243f\" data-element_type=\"widget\" data-e-type=\"widget\" data-widget_type=\"html.default\">\n\t\t\t\t\t<h2 style=\"  color:#f1c40f;  font-weight:800;  text-align:center;  letter-spacing:1.2px;  font-size:1.4rem;  margin:24px auto;  max-width:700px;  line-height:1.55;  font-family:'Montserrat', Arial, sans-serif;\">\r\n  Tighe Galvin ha vivido en Nevada la mayor parte de su vida y se postula no para hacer promesas vac\u00edas, sino para devolver el poder a donde pertenece: a la gente de este estado.\r\n<\/h2>\t\t\t\t<\/div>\n\t\t\t\t<div class=\"elementor-element elementor-element-db9df66 elementor-widget elementor-widget-html\" data-id=\"db9df66\" data-element_type=\"widget\" data-e-type=\"widget\" data-widget_type=\"html.default\">\n\t\t\t\t\t<div class=\"about-page\" style=\"max-width: 1000px; margin: 0 auto; color: #ffffff; line-height: 1.8; font-size: 1.05rem;\">\r\n\r\n\r\n    <\/p>\r\n  <\/section>\r\n\r\n  <!-- SECTION 1 -->\r\n  <section style=\"display: flex; flex-wrap: wrap; gap: 30px; align-items: center; margin-bottom: 60px;\">\r\n    \r\n    <div style=\"flex: 1 1 320px;\">\r\n      <img decoding=\"async\" src=\"https:\/\/tighefornevada.com\/wp-content\/uploads\/2026\/03\/Untitled-design-2-e1773633520598.png\" alt=\"Childhood photo\"\r\n        style=\"width: 100%; border-radius: 16px; border: 2px solid #f1c40f;\">\r\n    <\/div>\r\n\r\n    <div style=\"flex: 2 1 500px;\">\r\n      <h2 style=\"color: #f1c40f; font-size: 1.6rem; margin-bottom: 12px;\">\r\n      <\/h2>\r\n\r\n      <p>\r\n        He is a first-generation American, born in Las Vegas to Irish parents who came to the United States in search of a better life. Tighe grew up in Henderson and eventually attended the University of Nevada, Las Vegas, originally pursuing a degree in history.\r\n      <\/p>\r\n\r\n      <p>\r\n        Particip\u00f3 activamente en la fraternidad Tau Kappa Epsilon y fue el Jefe de Operaciones de RebelSat UNLV, la primera iniciativa de sat\u00e9lites en Nevada destinada a construir CubeSats para investigaci\u00f3n espacial.\r\n      <\/p>\r\n\r\n      <p>\r\n        Con una gran pasi\u00f3n por el aprendizaje, Tighe ahora trabaja como maestro de educaci\u00f3n especial en la misma escuela primaria de T\u00edtulo I a la que asisti\u00f3 cuando era estudiante. Todos los d\u00edas, trabaja con familias que se esfuerzan por construir un futuro mejor para sus hijos, al igual que lo hizo su propia familia, y ha visto de primera mano c\u00f3mo las decisiones pol\u00edticas tomadas en Carson City afectan directamente a las aulas, los vecindarios y los ni\u00f1os de Nevada.\r\n      <\/p>\r\n    <\/div>\r\n\r\n  <\/section>\r\n\r\n <!-- SECTION 2 -->\r\n<section style=\"display: flex; flex-wrap: wrap; gap: 30px; align-items: center; margin-bottom: 60px;\">\r\n\r\n  <div style=\"flex: 2 1 500px;\">\r\n    <h2 style=\"color: #f1c40f; font-size: 1.6rem; margin-bottom: 12px;\">\r\n    <\/h2>\r\n\r\n    <p>\r\n      Tighe tambi\u00e9n es activo como cantor en su iglesia y se est\u00e1 entrenando para el seminario.\r\n    <\/p>\r\n\r\n    <p>\r\n      Tighe became involved in politics at 15 as a volunteer for the Bernie Sanders 2016 Presidential campaign. He was eventually an intern for the Adam Laxalt gubernatorial campaign in 2018 and has worked inside both political machines. He came to reject them.\r\n    <\/p>\r\n\r\n    <p>\r\n      Actualmente preside el Partido Libertario del Condado de Clark y est\u00e1 comprometido a luchar contra el corrupto sistema bipartidista.\r\n    <\/p>\r\n  <\/div>\r\n\r\n  <div style=\"flex: 1 1 320px;\">\r\n    <img decoding=\"async\" src=\"https:\/\/tighefornevada.com\/wp-content\/uploads\/2026\/03\/3-e1774726221243-266x300.png\" alt=\"Speaking photo\"\r\n      style=\"width: 100%; border-radius: 16px; border: 2px solid #f1c40f;\">\r\n  <\/div>\r\n\r\n<\/section>\r\n\r\n  <!-- SECTION 3 -->\r\n  <section style=\"background: rgba(241,196,15,0.08); border: 1px solid rgba(241,196,15,0.35); border-radius: 18px; padding: 30px; text-align: center;\">\r\n    \r\n    <h2 style=\"color: #f1c40f; font-size: 1.8rem; font-weight: 800; margin-bottom: 18px;\">\r\n      Por qu\u00e9 Tighe est\u00e1 postul\u00e1ndose\r\n    <\/h2>\r\n\r\n    <p>\r\n      Tighe cree que los nevadenses merecen un gobierno que les sirva a ellos, no a corporaciones, intereses especiales o actores pol\u00edticos de \u00e9lite. Se ha comprometido a no votar nunca por beneficios corporativos o subsidios financiados por los contribuyentes que convierten a las comunidades de Nevada en patios de recreo para proyectos multimillonarios como la F\u00f3rmula 1, mientras las familias trabajadoras luchan.\r\n    <\/p>\r\n\r\n    <p>\r\n      Tighe luchar\u00e1 para reducir la extralimitaci\u00f3n federal en Nevada, para proteger la soberan\u00eda del estado y se opondr\u00e1 a que agencias no electas impongan mandatos a las comunidades locales.\r\n    <\/p>\r\n\r\n    <p style=\"font-weight: 600;\">\r\n      Esta campa\u00f1a se trata de darles a los habitantes de Nevada una opci\u00f3n real: un candidato que cree en la libertad, la rendici\u00f3n de cuentas y en poner primero a nuestro estado y su gente.\r\n    <\/p>\r\n\r\n  <\/section>\r\n\r\n<\/div>\t\t\t\t<\/div>\n\t\t\t\t<div class=\"elementor-element elementor-element-bad52cb elementor-widget elementor-widget-spacer\" data-id=\"bad52cb\" data-element_type=\"widget\" data-e-type=\"widget\" data-widget_type=\"spacer.default\">\n\t\t\t\t\t\t\t<div class=\"elementor-spacer\">\n\t\t\t<div class=\"elementor-spacer-inner\"><\/div>\n\t\t<\/div>\n\t\t\t\t\t\t<\/div>\n\t\t\t\t<div class=\"elementor-element elementor-element-1d6cb0e elementor-widget elementor-widget-html\" data-id=\"1d6cb0e\" data-element_type=\"widget\" data-e-type=\"widget\" data-widget_type=\"html.default\">\n\t\t\t\t\t<div class=\"center-block\">\r\n  <a href=\"\/es\/a-real-choice\/\" class=\"gold-link\" style=\"font-size: 1.1rem;\">\r\n    Aprende por qu\u00e9 deber\u00edas apoyar nuestra campa\u00f1a \u2192\r\n    <br><br>\r\n  <\/a>\r\n<\/div>\t\t\t\t<\/div>\n\t\t\t\t\t<\/div>\n\t\t\t\t<\/div>\n\t\t\t\t<\/div>","protected":false},"excerpt":{"rendered":"<p>Tighe Galvin has lived in Nevada for most of his life and is running not to make empty promises\u2014but to [&hellip;]<\/p>\n","protected":false},"author":1,"featured_media":0,"parent":0,"menu_order":2,"comment_status":"closed","ping_status":"closed","template":"","meta":{"site-sidebar-layout":"default","site-content-layout":"","ast-site-content-layout":"default","site-content-style":"default","site-sidebar-style":"default","ast-global-header-display":"","ast-banner-title-visibility":"","ast-main-header-display":"","ast-hfb-above-header-display":"","ast-hfb-below-header-display":"","ast-hfb-mobile-header-display":"","site-post-title":"disabled","ast-breadcrumbs-content":"","ast-featured-img":"","footer-sml-layout":"","ast-disable-related-posts":"","theme-transparent-header-meta":"","adv-header-id-meta":"","stick-header-meta":"","header-above-stick-meta":"","header-main-stick-meta":"","header-below-stick-meta":"","astra-migrate-meta-layouts":"default","ast-page-background-enabled":"default","ast-page-background-meta":{"desktop":{"background-color":"var(--ast-global-color-5)","background-image":"","background-repeat":"repeat","background-position":"center center","background-size":"auto","background-attachment":"scroll","background-type":"","background-media":"","overlay-type":"","overlay-color":"","overlay-opacity":"","overlay-gradient":""},"tablet":{"background-color":"","background-image":"","background-repeat":"repeat","background-position":"center center","background-size":"auto","background-attachment":"scroll","background-type":"","background-media":"","overlay-type":"","overlay-color":"","overlay-opacity":"","overlay-gradient":""},"mobile":{"background-color":"","background-image":"","background-repeat":"repeat","background-position":"center center","background-size":"auto","background-attachment":"scroll","background-type":"","background-media":"","overlay-type":"","overlay-color":"","overlay-opacity":"","overlay-gradient":""}},"ast-content-background-meta":{"desktop":{"background-color":"var(--ast-global-color-4)","background-image":"","background-repeat":"repeat","background-position":"center center","background-size":"auto","background-attachment":"scroll","background-type":"","background-media":"","overlay-type":"","overlay-color":"","overlay-opacity":"","overlay-gradient":""},"tablet":{"background-color":"var(--ast-global-color-4)","background-image":"","background-repeat":"repeat","background-position":"center center","background-size":"auto","background-attachment":"scroll","background-type":"","background-media":"","overlay-type":"","overlay-color":"","overlay-opacity":"","overlay-gradient":""},"mobile":{"background-color":"var(--ast-global-color-4)","background-image":"","background-repeat":"repeat","background-position":"center center","background-size":"auto","background-attachment":"scroll","background-type":"","background-media":"","overlay-type":"","overlay-color":"","overlay-opacity":"","overlay-gradient":""}},"footnotes":""},"class_list":["post-2","page","type-page","status-publish","hentry"],"yoast_head":"<!-- This site is optimized with the Yoast SEO plugin v27.4 - https:\/\/yoast.com\/product\/yoast-seo-wordpress\/ -->\n<title>About Tighe -<\/title>\n<meta name=\"robots\" content=\"index, follow, max-snippet:-1, max-image-preview:large, max-video-preview:-1\" \/>\n<link rel=\"canonical\" href=\"https:\/\/tighefornevada.com\/es\/about\/\" \/>\n<meta property=\"og:locale\" content=\"es_MX\" \/>\n<meta property=\"og:type\" content=\"article\" \/>\n<meta property=\"og:title\" content=\"About Tighe -\" \/>\n<meta property=\"og:description\" content=\"Tighe Galvin has lived in Nevada for most of his life and is running not to make empty promises\u2014but to [&hellip;]\" \/>\n<meta property=\"og:url\" content=\"https:\/\/tighefornevada.com\/es\/about\/\" \/>\n<meta property=\"article:publisher\" content=\"https:\/\/www.facebook.com\/profile.php?id=61586385324506\" \/>\n<meta property=\"article:modified_time\" content=\"2026-04-20T13:44:40+00:00\" \/>\n<meta property=\"og:image\" content=\"https:\/\/tighefornevada.com\/wp-content\/uploads\/2026\/03\/Untitled-design-2-e1773633520598.png\" \/>\n<meta name=\"twitter:card\" content=\"summary_large_image\" \/>\n<meta name=\"twitter:site\" content=\"@tighefornevada\" \/>\n<meta name=\"twitter:label1\" content=\"Est. reading time\" \/>\n\t<meta name=\"twitter:data1\" content=\"2 minutos\" \/>\n<script type=\"application\/ld+json\" class=\"yoast-schema-graph\">{\"@context\":\"https:\\\/\\\/schema.org\",\"@graph\":[{\"@type\":\"WebPage\",\"@id\":\"https:\\\/\\\/tighefornevada.com\\\/about\\\/\",\"url\":\"https:\\\/\\\/tighefornevada.com\\\/about\\\/\",\"name\":\"About Tighe -\",\"isPartOf\":{\"@id\":\"https:\\\/\\\/tighefornevada.com\\\/#website\"},\"primaryImageOfPage\":{\"@id\":\"https:\\\/\\\/tighefornevada.com\\\/about\\\/#primaryimage\"},\"image\":{\"@id\":\"https:\\\/\\\/tighefornevada.com\\\/about\\\/#primaryimage\"},\"thumbnailUrl\":\"https:\\\/\\\/tighefornevada.com\\\/wp-content\\\/uploads\\\/2026\\\/03\\\/Untitled-design-2-e1773633520598.png\",\"datePublished\":\"2026-03-15T17:18:09+00:00\",\"dateModified\":\"2026-04-20T13:44:40+00:00\",\"breadcrumb\":{\"@id\":\"https:\\\/\\\/tighefornevada.com\\\/about\\\/#breadcrumb\"},\"inLanguage\":\"es\",\"potentialAction\":[{\"@type\":\"ReadAction\",\"target\":[\"https:\\\/\\\/tighefornevada.com\\\/about\\\/\"]}]},{\"@type\":\"ImageObject\",\"inLanguage\":\"es\",\"@id\":\"https:\\\/\\\/tighefornevada.com\\\/about\\\/#primaryimage\",\"url\":\"https:\\\/\\\/tighefornevada.com\\\/wp-content\\\/uploads\\\/2026\\\/03\\\/Untitled-design-2-e1773633520598.png\",\"contentUrl\":\"https:\\\/\\\/tighefornevada.com\\\/wp-content\\\/uploads\\\/2026\\\/03\\\/Untitled-design-2-e1773633520598.png\"},{\"@type\":\"BreadcrumbList\",\"@id\":\"https:\\\/\\\/tighefornevada.com\\\/about\\\/#breadcrumb\",\"itemListElement\":[{\"@type\":\"ListItem\",\"position\":1,\"name\":\"Home\",\"item\":\"https:\\\/\\\/tighefornevada.com\\\/\"},{\"@type\":\"ListItem\",\"position\":2,\"name\":\"About Tighe\"}]},{\"@type\":\"WebSite\",\"@id\":\"https:\\\/\\\/tighefornevada.com\\\/#website\",\"url\":\"https:\\\/\\\/tighefornevada.com\\\/\",\"name\":\"Tighe for Nevada\",\"description\":\"Help Elect Tighe Galvin - Nevada Assembly District 21\",\"publisher\":{\"@id\":\"https:\\\/\\\/tighefornevada.com\\\/#organization\"},\"potentialAction\":[{\"@type\":\"SearchAction\",\"target\":{\"@type\":\"EntryPoint\",\"urlTemplate\":\"https:\\\/\\\/tighefornevada.com\\\/?s={search_term_string}\"},\"query-input\":{\"@type\":\"PropertyValueSpecification\",\"valueRequired\":true,\"valueName\":\"search_term_string\"}}],\"inLanguage\":\"es\"},{\"@type\":\"Organization\",\"@id\":\"https:\\\/\\\/tighefornevada.com\\\/#organization\",\"name\":\"Tighe for Nevada\",\"alternateName\":\"Tighe Galvin\",\"url\":\"https:\\\/\\\/tighefornevada.com\\\/\",\"logo\":{\"@type\":\"ImageObject\",\"inLanguage\":\"es\",\"@id\":\"https:\\\/\\\/tighefornevada.com\\\/#\\\/schema\\\/logo\\\/image\\\/\",\"url\":\"https:\\\/\\\/tighefornevada.com\\\/wp-content\\\/uploads\\\/2026\\\/03\\\/ChatGPT-Image-Mar-15-2026-11_09_16-AM-2-1024x683.png\",\"contentUrl\":\"https:\\\/\\\/tighefornevada.com\\\/wp-content\\\/uploads\\\/2026\\\/03\\\/ChatGPT-Image-Mar-15-2026-11_09_16-AM-2-1024x683.png\",\"width\":1024,\"height\":683,\"caption\":\"Tighe for Nevada\"},\"image\":{\"@id\":\"https:\\\/\\\/tighefornevada.com\\\/#\\\/schema\\\/logo\\\/image\\\/\"},\"sameAs\":[\"https:\\\/\\\/www.facebook.com\\\/profile.php?id=61586385324506\",\"https:\\\/\\\/x.com\\\/tighefornevada\"]}]}<\/script>\n<!-- \/ Yoast SEO plugin. -->","yoast_head_json":{"title":"About Tighe -","robots":{"index":"index","follow":"follow","max-snippet":"max-snippet:-1","max-image-preview":"max-image-preview:large","max-video-preview":"max-video-preview:-1"},"canonical":"https:\/\/tighefornevada.com\/es\/about\/","og_locale":"es_MX","og_type":"article","og_title":"About Tighe -","og_description":"Tighe Galvin has lived in Nevada for most of his life and is running not to make empty promises\u2014but to [&hellip;]","og_url":"https:\/\/tighefornevada.com\/es\/about\/","article_publisher":"https:\/\/www.facebook.com\/profile.php?id=61586385324506","article_modified_time":"2026-04-20T13:44:40+00:00","og_image":[{"url":"https:\/\/tighefornevada.com\/wp-content\/uploads\/2026\/03\/Untitled-design-2-e1773633520598.png","type":"","width":"","height":""}],"twitter_card":"summary_large_image","twitter_site":"@tighefornevada","twitter_misc":{"Est. reading time":"2 minutos"},"schema":{"@context":"https:\/\/schema.org","@graph":[{"@type":"WebPage","@id":"https:\/\/tighefornevada.com\/about\/","url":"https:\/\/tighefornevada.com\/about\/","name":"About Tighe -","isPartOf":{"@id":"https:\/\/tighefornevada.com\/#website"},"primaryImageOfPage":{"@id":"https:\/\/tighefornevada.com\/about\/#primaryimage"},"image":{"@id":"https:\/\/tighefornevada.com\/about\/#primaryimage"},"thumbnailUrl":"https:\/\/tighefornevada.com\/wp-content\/uploads\/2026\/03\/Untitled-design-2-e1773633520598.png","datePublished":"2026-03-15T17:18:09+00:00","dateModified":"2026-04-20T13:44:40+00:00","breadcrumb":{"@id":"https:\/\/tighefornevada.com\/about\/#breadcrumb"},"inLanguage":"es","potentialAction":[{"@type":"ReadAction","target":["https:\/\/tighefornevada.com\/about\/"]}]},{"@type":"ImageObject","inLanguage":"es","@id":"https:\/\/tighefornevada.com\/about\/#primaryimage","url":"https:\/\/tighefornevada.com\/wp-content\/uploads\/2026\/03\/Untitled-design-2-e1773633520598.png","contentUrl":"https:\/\/tighefornevada.com\/wp-content\/uploads\/2026\/03\/Untitled-design-2-e1773633520598.png"},{"@type":"BreadcrumbList","@id":"https:\/\/tighefornevada.com\/about\/#breadcrumb","itemListElement":[{"@type":"ListItem","position":1,"name":"Home","item":"https:\/\/tighefornevada.com\/"},{"@type":"ListItem","position":2,"name":"About Tighe"}]},{"@type":"WebSite","@id":"https:\/\/tighefornevada.com\/#website","url":"https:\/\/tighefornevada.com\/","name":"Tighe for Nevada","description":"Help Elect Tighe Galvin - Nevada Assembly District 21","publisher":{"@id":"https:\/\/tighefornevada.com\/#organization"},"potentialAction":[{"@type":"SearchAction","target":{"@type":"EntryPoint","urlTemplate":"https:\/\/tighefornevada.com\/?s={search_term_string}"},"query-input":{"@type":"PropertyValueSpecification","valueRequired":true,"valueName":"search_term_string"}}],"inLanguage":"es"},{"@type":"Organization","@id":"https:\/\/tighefornevada.com\/#organization","name":"Tighe for Nevada","alternateName":"Tighe Galvin","url":"https:\/\/tighefornevada.com\/","logo":{"@type":"ImageObject","inLanguage":"es","@id":"https:\/\/tighefornevada.com\/#\/schema\/logo\/image\/","url":"https:\/\/tighefornevada.com\/wp-content\/uploads\/2026\/03\/ChatGPT-Image-Mar-15-2026-11_09_16-AM-2-1024x683.png","contentUrl":"https:\/\/tighefornevada.com\/wp-content\/uploads\/2026\/03\/ChatGPT-Image-Mar-15-2026-11_09_16-AM-2-1024x683.png","width":1024,"height":683,"caption":"Tighe for Nevada"},"image":{"@id":"https:\/\/tighefornevada.com\/#\/schema\/logo\/image\/"},"sameAs":["https:\/\/www.facebook.com\/profile.php?id=61586385324506","https:\/\/x.com\/tighefornevada"]}]}},"_hostinger_reach_plugin_has_subscription_block":false,"_hostinger_reach_plugin_is_elementor":false,"_links":{"self":[{"href":"https:\/\/tighefornevada.com\/es\/wp-json\/wp\/v2\/pages\/2","targetHints":{"allow":["GET"]}}],"collection":[{"href":"https:\/\/tighefornevada.com\/es\/wp-json\/wp\/v2\/pages"}],"about":[{"href":"https:\/\/tighefornevada.com\/es\/wp-json\/wp\/v2\/types\/page"}],"author":[{"embeddable":true,"href":"https:\/\/tighefornevada.com\/es\/wp-json\/wp\/v2\/users\/1"}],"replies":[{"embeddable":true,"href":"https:\/\/tighefornevada.com\/es\/wp-json\/wp\/v2\/comments?post=2"}],"version-history":[{"count":97,"href":"https:\/\/tighefornevada.com\/es\/wp-json\/wp\/v2\/pages\/2\/revisions"}],"predecessor-version":[{"id":1195,"href":"https:\/\/tighefornevada.com\/es\/wp-json\/wp\/v2\/pages\/2\/revisions\/1195"}],"wp:attachment":[{"href":"https:\/\/tighefornevada.com\/es\/wp-json\/wp\/v2\/media?parent=2"}],"curies":[{"name":"wp","href":"https:\/\/api.w.org\/{rel}","templated":true}]}}